{"id":13301,"date":"2025-02-08T22:53:16","date_gmt":"2025-02-08T22:53:16","guid":{"rendered":"https:\/\/colegiopedropauletcusco.edu.pe\/portal\/?page_id=13301"},"modified":"2025-02-13T22:22:53","modified_gmt":"2025-02-13T22:22:53","slug":"nosotros","status":"publish","type":"page","link":"https:\/\/colegiopedropauletcusco.edu.pe\/portal\/nosotros\/","title":{"rendered":"Nosotros"},"content":{"rendered":"\t\t<div data-elementor-type=\"wp-page\" data-elementor-id=\"13301\" class=\"elementor elementor-13301\" data-elementor-post-type=\"page\">\n\t\t\t\t<div class=\"elementor-element elementor-element-0131240 e-con-full e-flex e-con e-parent\" data-id=\"0131240\" data-element_type=\"container\" data-e-type=\"container\" data-settings=\"{&quot;background_background&quot;:&quot;classic&quot;}\">\n\t\t\t\t<div class=\"elementor-element elementor-element-ff52705 elementor-invisible elementor-widget elementor-widget-heading\" data-id=\"ff52705\" data-element_type=\"widget\" data-e-type=\"widget\" data-settings=\"{&quot;_animation&quot;:&quot;zoomIn&quot;}\" data-widget_type=\"heading.default\">\n\t\t\t\t<div class=\"elementor-widget-container\">\n\t\t\t\t\t<h2 class=\"elementor-heading-title elementor-size-default\">| Sobre Nosotros<\/h2>\t\t\t\t<\/div>\n\t\t\t\t<\/div>\n\t\t\t\t<\/div>\n\t\t<div class=\"elementor-element elementor-element-c4354c1 e-con-full e-flex e-con e-parent\" data-id=\"c4354c1\" data-element_type=\"container\" data-e-type=\"container\" data-settings=\"{&quot;background_background&quot;:&quot;classic&quot;}\">\n\t\t\t\t<\/div>\n\t\t<div class=\"elementor-element elementor-element-af05879 e-con-full e-flex e-con e-parent\" data-id=\"af05879\" data-element_type=\"container\" data-e-type=\"container\">\n\t\t\t\t<div class=\"elementor-element elementor-element-4e98091 elementor-widget-divider--view-line elementor-invisible elementor-widget elementor-widget-divider\" data-id=\"4e98091\" data-element_type=\"widget\" data-e-type=\"widget\" data-settings=\"{&quot;_animation&quot;:&quot;zoomIn&quot;}\" data-widget_type=\"divider.default\">\n\t\t\t\t<div class=\"elementor-widget-container\">\n\t\t\t\t\t\t\t<div class=\"elementor-divider\">\n\t\t\t<span class=\"elementor-divider-separator\">\n\t\t\t\t\t\t<\/span>\n\t\t<\/div>\n\t\t\t\t\t\t<\/div>\n\t\t\t\t<\/div>\n\t\t\t\t<div class=\"elementor-element elementor-element-07b4e94 elementor-invisible elementor-widget elementor-widget-text-editor\" data-id=\"07b4e94\" data-element_type=\"widget\" data-e-type=\"widget\" data-settings=\"{&quot;_animation&quot;:&quot;zoomIn&quot;}\" data-widget_type=\"text-editor.default\">\n\t\t\t\t<div class=\"elementor-widget-container\">\n\t\t\t\t\t\t\t\t\t<p><br \/><span style=\"color: #000000;\">Somos una instituci\u00f3n educativa privada dirigido por profesionales de la educaci\u00f3n con amplia experiencia, lo cual nos permite brindar servicios educativos de calidad en niveles de inicial, primaria y secundaria formado estudiantes con valor integral que se desenvuelvan profesional y \u00e9ticamente en bien de nuestra sociedad cusque\u00f1a.<\/span><\/p>\t\t\t\t\t\t\t\t<\/div>\n\t\t\t\t<\/div>\n\t\t\t\t<\/div>\n\t\t<div class=\"elementor-element elementor-element-393673f0 animated-slow e-con-full e-flex elementor-invisible e-con e-parent\" data-id=\"393673f0\" data-element_type=\"container\" data-e-type=\"container\" data-settings=\"{&quot;animation&quot;:&quot;zoomIn&quot;}\">\n\t\t<div class=\"elementor-element elementor-element-52217bb1 e-con-full e-flex e-con e-child\" data-id=\"52217bb1\" data-element_type=\"container\" data-e-type=\"container\" data-settings=\"{&quot;background_background&quot;:&quot;classic&quot;}\">\n\t\t\t\t<div class=\"elementor-element elementor-element-13c4a51e elementor-widget elementor-widget-image\" data-id=\"13c4a51e\" data-element_type=\"widget\" data-e-type=\"widget\" data-widget_type=\"image.default\">\n\t\t\t\t<div class=\"elementor-widget-container\">\n\t\t\t\t\t\t\t\t\t\t\t\t\t\t\t<img fetchpriority=\"high\" decoding=\"async\" width=\"512\" height=\"511\" src=\"https:\/\/colegiopedropauletcusco.edu.pe\/portal\/wp-content\/uploads\/2025\/02\/mision-vision-valores-2.png\" class=\"attachment-medium_large size-medium_large wp-image-14138\" alt=\"\" srcset=\"https:\/\/colegiopedropauletcusco.edu.pe\/portal\/wp-content\/uploads\/2025\/02\/mision-vision-valores-2.png 512w, https:\/\/colegiopedropauletcusco.edu.pe\/portal\/wp-content\/uploads\/2025\/02\/mision-vision-valores-2-180x180.png 180w\" sizes=\"(max-width: 512px) 100vw, 512px\" \/>\t\t\t\t\t\t\t\t\t\t\t\t\t\t\t<\/div>\n\t\t\t\t<\/div>\n\t\t\t\t<\/div>\n\t\t<div class=\"elementor-element elementor-element-9a38d4d e-con-full e-flex e-con e-child\" data-id=\"9a38d4d\" data-element_type=\"container\" data-e-type=\"container\">\n\t\t\t\t<div class=\"elementor-element elementor-element-6f9596e9 elementor-widget elementor-widget-text-editor\" data-id=\"6f9596e9\" data-element_type=\"widget\" data-e-type=\"widget\" data-widget_type=\"text-editor.default\">\n\t\t\t\t<div class=\"elementor-widget-container\">\n\t\t\t\t\t\t\t\t\t<span style=\"font-size: 30px; font-weight: bold; color: #ff6600; font-family: roboto; border-top-width: 4px; border-top-style: solid;\">Visi\u00f3n<\/span>\n<p>\n\u201cSer un centro l\u00edder en la regi\u00f3n caracterizado por los altos niveles acad\u00e9micos, que destaque la excelencia de la calidad educativa atendiendo la diversidad del alumnado. Formando personas sanas, libres y cr\u00edticas con el principio de vida, contribuyendo as\u00ed en el cambio y desarrollo de nuestro pa\u00eds\u201d.\n<\/p>\n<span style=\"font-size: 30px; font-weight: bold; color: #ff6600; font-family: roboto; border-top-width: 4px; border-top-style: solid;\">Misi\u00f3n<\/span>\n<p>\n\u00abBrindar una ense\u00f1anza de calidad con principios y valores, con una excelente preparaci\u00f3n acad\u00e9mica, transformando a los estudiantes en personas formadas, responsables, libres y dotadas de herramientas necesarias para dise\u00f1ar su propio destino y desenvolverse en una sociedad cada vez m\u00e1s global\u201d.\n<\/p>\n<span style=\"font-size: 30px; font-weight: bold; color: #ff6600; font-family: roboto; border-top-width: 4px; border-top-style: solid;\">Valores<\/span>\n<p>\nLibertad, solidaridad, justicia, responsabilidad, honestidad y verdad en su vida diaria.<\/p>\t\t\t\t\t\t\t\t<\/div>\n\t\t\t\t<\/div>\n\t\t\t\t<\/div>\n\t\t\t\t<\/div>\n\t\t\t\t<\/div>\n\t\t","protected":false},"excerpt":{"rendered":"<p>| Sobre Nosotros Somos una instituci\u00f3n educativa privada dirigido por profesionales de la educaci\u00f3n con amplia experiencia, lo cual nos permite brindar servicios educativos de calidad en niveles de inicial, primaria y secundaria formado estudiantes con valor integral que se &hellip; <\/p>\n","protected":false},"author":1,"featured_media":0,"parent":0,"menu_order":0,"comment_status":"closed","ping_status":"closed","template":"elementor_header_footer","meta":{"footnotes":""},"class_list":["post-13301","page","type-page","status-publish","hentry"],"_links":{"self":[{"href":"https:\/\/colegiopedropauletcusco.edu.pe\/portal\/wp-json\/wp\/v2\/pages\/13301","targetHints":{"allow":["GET"]}}],"collection":[{"href":"https:\/\/colegiopedropauletcusco.edu.pe\/portal\/wp-json\/wp\/v2\/pages"}],"about":[{"href":"https:\/\/colegiopedropauletcusco.edu.pe\/portal\/wp-json\/wp\/v2\/types\/page"}],"author":[{"embeddable":true,"href":"https:\/\/colegiopedropauletcusco.edu.pe\/portal\/wp-json\/wp\/v2\/users\/1"}],"replies":[{"embeddable":true,"href":"https:\/\/colegiopedropauletcusco.edu.pe\/portal\/wp-json\/wp\/v2\/comments?post=13301"}],"version-history":[{"count":52,"href":"https:\/\/colegiopedropauletcusco.edu.pe\/portal\/wp-json\/wp\/v2\/pages\/13301\/revisions"}],"predecessor-version":[{"id":14184,"href":"https:\/\/colegiopedropauletcusco.edu.pe\/portal\/wp-json\/wp\/v2\/pages\/13301\/revisions\/14184"}],"wp:attachment":[{"href":"https:\/\/colegiopedropauletcusco.edu.pe\/portal\/wp-json\/wp\/v2\/media?parent=13301"}],"curies":[{"name":"wp","href":"https:\/\/api.w.org\/{rel}","templated":true}]}}